{"id":1151,"date":"2024-07-16T09:01:06","date_gmt":"2024-07-16T07:01:06","guid":{"rendered":"https:\/\/perouliastonevilla.com\/?page_id=1151"},"modified":"2024-07-16T09:09:12","modified_gmt":"2024-07-16T07:09:12","slug":"notre-histoire","status":"publish","type":"page","link":"https:\/\/perouliastonevilla.com\/index.php\/notre-histoire\/","title":{"rendered":"Notre histoire"},"content":{"rendered":"\t\t<div data-elementor-type=\"wp-page\" data-elementor-id=\"1151\" class=\"elementor elementor-1151\" data-elementor-post-type=\"page\">\n\t\t\t\t\t\t<section class=\"elementor-section elementor-top-section elementor-element elementor-element-1a7b9ef6 elementor-section-full_width elementor-section-height-min-height elementor-section-height-default elementor-section-items-middle\" data-id=\"1a7b9ef6\" data-element_type=\"section\" data-settings=\"{&quot;ekit_has_onepagescroll_dot&quot;:&quot;yes&quot;}\">\n\t\t\t\t\t\t<div class=\"elementor-container elementor-column-gap-default\">\n\t\t\t\t\t<div class=\"elementor-column elementor-col-100 elementor-top-column elementor-element elementor-element-687f42ae\" data-id=\"687f42ae\" data-element_type=\"column\">\n\t\t\t<div class=\"elementor-widget-wrap elementor-element-populated\">\n\t\t\t\t\t\t<div class=\"elementor-element elementor-element-6e0ce2f2 elementor-widget elementor-widget-elementskit-heading\" data-id=\"6e0ce2f2\" data-element_type=\"widget\" data-settings=\"{&quot;ekit_we_effect_on&quot;:&quot;none&quot;}\" data-widget_type=\"elementskit-heading.default\">\n\t\t\t\t<div class=\"elementor-widget-container\">\n\t\t\t<div class=\"ekit-wid-con\" ><div class=\"ekit-heading elementskit-section-title-wraper text_center   ekit_heading_tablet-   ekit_heading_mobile-\"><h2 class=\"ekit-heading--title elementskit-section-title \">Notre histoire<\/h2><div class=\"ekit_heading_separetor_wraper ekit_heading_ekit_border_custom\"><div class=\"ekit_border_custom\"><img decoding=\"async\" width=\"85\" height=\"36\" src=\"https:\/\/perouliastonevilla.com\/wp-content\/uploads\/2023\/02\/VillaPeroulia_Symbolestrait.png\" class=\"attachment-large size-large wp-image-369\" alt=\"\" \/><\/div><\/div>\t\t\t\t<div class='ekit-heading__description'>\n\t\t\t\t\t<p><strong>Confinement au Printemps 2020\u00a0:<\/strong> enfin le temps de r\u00e9fl\u00e9chir, et changer de vie.<\/p>\n<p>Nous avons profit\u00e9 du confinement pour nous r\u00e9inventer \u00ab\u00a0professionnellement\u00a0\u00bb et personnellement. Entre prise de conscience et qu\u00eate de sens, la crise sanitaire a jou\u00e9 les acc\u00e9l\u00e9rateurs.<\/p>\n<p>Sans cette derni\u00e8re, nous ne nous serions jamais lanc\u00e9s dans ce projet d\u2019acquisition d\u2019une bastide en pierres dans le P\u00e9loponn\u00e8se, \u00e0 plus de 2000 kms des Alpes o\u00f9 nous vivons depuis 40 ans.<\/p>\n<p>La catastrophe sanitaire a \u00e9t\u00e9 pour nous un point de bascule.<\/p>\n<p>A l\u2019Automne 2020, au sortir du confinement, nous devenions les heureux propri\u00e9taires de la villa rebaptis\u00e9e Peroulia Stone Villa.<\/p>\n<p><strong>Ce qui nous anime\u2026.<\/strong><\/p>\n<p>Plus qu\u2019un besoin, c\u2019est l\u2019envie de partager et de faire d\u00e9couvrir le P\u00e9loponn\u00e8se, sa r\u00e9gion, son histoire, ses habitants, ses traditions culinaires qui nous emm\u00e8ne dans ce nouveau projet.<\/p>\n<p>Partager des moments de vie autour d\u2019une cuisine m\u00e9diterran\u00e9enne grecque gr\u00e2ce aux produits locaux &amp; \u00e9changer dans une ambiance fraternelle et conviviale avec les habitants du hameau de Peroulia.<\/p>\n<p>Le P\u00e9loponn\u00e8se est un coup de c\u0153ur, pour ne pas dire un coup de foudre qui nous aide \u00e0 vivre plus sainement, \u00e0 renouer un lien avec la nature, \u00e0 donner sens \u00e0 notre vie.<\/p>\n<p>C\u2019est sur ce chemin, dans cet esprit que nous nous croiserons et, que nous prendrons du plaisir \u00e0 vous accueillir dans notre villa au c\u0153ur des champs d\u2019oliviers.<\/p>\n<p>Entrez\u2026..\u00a0! et laissez vagabonder votre \u00e2me sur une vue imprenable sur la mer M\u00e9diterran\u00e9e, le calme, une piscine, les champs d\u2019oliviers \u00e0 perte de vue qui seront l\u00e0 pour vous \u00e9merveiller, vous faire tout oublier.<\/p>\n\t\t\t\t<\/div>\n\t\t\t<\/div><\/div>\t\t<\/div>\n\t\t\t\t<\/div>\n\t\t\t\t<div class=\"elementor-element elementor-element-2073d3d2 elementor-widget elementor-widget-gallery\" data-id=\"2073d3d2\" data-element_type=\"widget\" data-settings=\"{&quot;columns&quot;:3,&quot;gap&quot;:{&quot;unit&quot;:&quot;px&quot;,&quot;size&quot;:5,&quot;sizes&quot;:[]},&quot;aspect_ratio&quot;:&quot;16:9&quot;,&quot;lazyload&quot;:&quot;yes&quot;,&quot;gallery_layout&quot;:&quot;grid&quot;,&quot;columns_tablet&quot;:2,&quot;columns_mobile&quot;:1,&quot;gap_tablet&quot;:{&quot;unit&quot;:&quot;px&quot;,&quot;size&quot;:10,&quot;sizes&quot;:[]},&quot;gap_mobile&quot;:{&quot;unit&quot;:&quot;px&quot;,&quot;size&quot;:10,&quot;sizes&quot;:[]},&quot;link_to&quot;:&quot;file&quot;,&quot;overlay_background&quot;:&quot;yes&quot;,&quot;content_hover_animation&quot;:&quot;fade-in&quot;,&quot;ekit_we_effect_on&quot;:&quot;none&quot;}\" data-widget_type=\"gallery.default\">\n\t\t\t\t<div class=\"elementor-widget-container\">\n\t\t\t\t\t<div class=\"elementor-gallery__container\">\n\t\t\t\t\t\t\t<a class=\"e-gallery-item elementor-gallery-item elementor-animated-content\" href=\"https:\/\/perouliastonevilla.com\/wp-content\/uploads\/2023\/07\/VILLA_PEROULIA_WEB-69-scaled.jpg\" data-elementor-open-lightbox=\"yes\" data-elementor-lightbox-slideshow=\"2073d3d2\" data-elementor-lightbox-title=\"VILLA_PEROULIA_WEB-69\" data-e-action-hash=\"#elementor-action%3Aaction%3Dlightbox%26settings%3DeyJpZCI6OTU2LCJ1cmwiOiJodHRwczpcL1wvcGVyb3VsaWFzdG9uZXZpbGxhLmNvbVwvd3AtY29udGVudFwvdXBsb2Fkc1wvMjAyM1wvMDdcL1ZJTExBX1BFUk9VTElBX1dFQi02OS1zY2FsZWQuanBnIiwic2xpZGVzaG93IjoiMjA3M2QzZDIifQ%3D%3D\">\n\t\t\t\t\t<div class=\"e-gallery-image elementor-gallery-item__image\" data-thumbnail=\"https:\/\/perouliastonevilla.com\/wp-content\/uploads\/2023\/07\/VILLA_PEROULIA_WEB-69-2048x1150.jpg\" data-width=\"2048\" data-height=\"1150\" aria-label=\"\" role=\"img\" ><\/div>\n\t\t\t\t\t\t\t\t\t\t\t<div class=\"elementor-gallery-item__overlay\"><\/div>\n\t\t\t\t\t\t\t\t\t\t\t\t\t\t<\/a>\n\t\t\t\t\t\t\t<a class=\"e-gallery-item elementor-gallery-item elementor-animated-content\" href=\"https:\/\/perouliastonevilla.com\/wp-content\/uploads\/2023\/07\/VILLA_PEROULIA_WEB-57.jpg\" data-elementor-open-lightbox=\"yes\" data-elementor-lightbox-slideshow=\"2073d3d2\" data-elementor-lightbox-title=\"VILLA_PEROULIA_WEB-57\" data-e-action-hash=\"#elementor-action%3Aaction%3Dlightbox%26settings%3DeyJpZCI6OTQ0LCJ1cmwiOiJodHRwczpcL1wvcGVyb3VsaWFzdG9uZXZpbGxhLmNvbVwvd3AtY29udGVudFwvdXBsb2Fkc1wvMjAyM1wvMDdcL1ZJTExBX1BFUk9VTElBX1dFQi01Ny5qcGciLCJzbGlkZXNob3ciOiIyMDczZDNkMiJ9\">\n\t\t\t\t\t<div class=\"e-gallery-image elementor-gallery-item__image\" data-thumbnail=\"https:\/\/perouliastonevilla.com\/wp-content\/uploads\/2023\/07\/VILLA_PEROULIA_WEB-57.jpg\" data-width=\"1\" data-height=\"1\" aria-label=\"\" role=\"img\" ><\/div>\n\t\t\t\t\t\t\t\t\t\t\t<div class=\"elementor-gallery-item__overlay\"><\/div>\n\t\t\t\t\t\t\t\t\t\t\t\t\t\t<\/a>\n\t\t\t\t\t\t\t<a class=\"e-gallery-item elementor-gallery-item elementor-animated-content\" href=\"https:\/\/perouliastonevilla.com\/wp-content\/uploads\/2023\/07\/VILLA_PEROULIA_WEB-36-scaled.jpg\" data-elementor-open-lightbox=\"yes\" data-elementor-lightbox-slideshow=\"2073d3d2\" data-elementor-lightbox-title=\"VILLA_PEROULIA_WEB-36\" data-e-action-hash=\"#elementor-action%3Aaction%3Dlightbox%26settings%3DeyJpZCI6OTIzLCJ1cmwiOiJodHRwczpcL1wvcGVyb3VsaWFzdG9uZXZpbGxhLmNvbVwvd3AtY29udGVudFwvdXBsb2Fkc1wvMjAyM1wvMDdcL1ZJTExBX1BFUk9VTElBX1dFQi0zNi1zY2FsZWQuanBnIiwic2xpZGVzaG93IjoiMjA3M2QzZDIifQ%3D%3D\">\n\t\t\t\t\t<div class=\"e-gallery-image elementor-gallery-item__image\" data-thumbnail=\"https:\/\/perouliastonevilla.com\/wp-content\/uploads\/2023\/07\/VILLA_PEROULIA_WEB-36-2048x1150.jpg\" data-width=\"2048\" data-height=\"1150\" aria-label=\"\" role=\"img\" ><\/div>\n\t\t\t\t\t\t\t\t\t\t\t<div class=\"elementor-gallery-item__overlay\"><\/div>\n\t\t\t\t\t\t\t\t\t\t\t\t\t\t<\/a>\n\t\t\t\t\t<\/div>\n\t\t\t<\/div>\n\t\t\t\t<\/div>\n\t\t\t\t<div class=\"elementor-element elementor-element-611a1248 elementor-widget elementor-widget-menu-anchor\" data-id=\"611a1248\" data-element_type=\"widget\" data-settings=\"{&quot;ekit_we_effect_on&quot;:&quot;none&quot;}\" data-widget_type=\"menu-anchor.default\">\n\t\t\t\t<div class=\"elementor-widget-container\">\n\t\t\t\t\t<div class=\"elementor-menu-anchor\" id=\"contact\"><\/div>\n\t\t\t\t<\/div>\n\t\t\t\t<\/div>\n\t\t\t\t\t<\/div>\n\t\t<\/div>\n\t\t\t\t\t<\/div>\n\t\t<\/section>\n\t\t\t\t<\/div>\n\t\t","protected":false},"excerpt":{"rendered":"<p>Notre histoire Confinement au Printemps 2020\u00a0: enfin le temps de r\u00e9fl\u00e9chir, et changer de vie. Nous avons profit\u00e9 du confinement pour nous r\u00e9inventer \u00ab\u00a0professionnellement\u00a0\u00bb et personnellement. Entre prise de conscience et qu\u00eate de sens, la crise sanitaire a jou\u00e9 les acc\u00e9l\u00e9rateurs. Sans cette derni\u00e8re, nous ne nous serions jamais lanc\u00e9s dans ce projet d\u2019acquisition d\u2019une [&hellip;]<\/p>\n","protected":false},"author":1,"featured_media":0,"parent":0,"menu_order":0,"comment_status":"closed","ping_status":"closed","template":"elementor_header_footer","meta":{"footnotes":""},"class_list":["post-1151","page","type-page","status-publish","hentry"],"yoast_head":"<!-- This site is optimized with the Yoast SEO plugin v23.6 - https:\/\/yoast.com\/wordpress\/plugins\/seo\/ -->\n<title>Notre histoire - Peroulia Stone Villa<\/title>\n<meta name=\"description\" content=\"Notre histoire, Villa Peroulia... Enfin le temps de r\u00e9fl\u00e9chir, et changer de vie.\" \/>\n<meta name=\"robots\" content=\"index, follow, max-snippet:-1, max-image-preview:large, max-video-preview:-1\" \/>\n<link rel=\"canonical\" href=\"https:\/\/perouliastonevilla.com\/index.php\/notre-histoire\/\" \/>\n<meta property=\"og:locale\" content=\"fr_FR\" \/>\n<meta property=\"og:type\" content=\"article\" \/>\n<meta property=\"og:title\" content=\"Notre histoire - Peroulia Stone Villa\" \/>\n<meta property=\"og:description\" content=\"Notre histoire, Villa Peroulia... Enfin le temps de r\u00e9fl\u00e9chir, et changer de vie.\" \/>\n<meta property=\"og:url\" content=\"https:\/\/perouliastonevilla.com\/index.php\/notre-histoire\/\" \/>\n<meta property=\"og:site_name\" content=\"Peroulia Stone Villa\" \/>\n<meta property=\"article:modified_time\" content=\"2024-07-16T07:09:12+00:00\" \/>\n<meta property=\"og:image\" content=\"http:\/\/perouliastonevilla.com\/wp-content\/uploads\/2023\/02\/VillaPeroulia_Symbolestrait.png\" \/>\n<meta name=\"twitter:card\" content=\"summary_large_image\" \/>\n<meta name=\"twitter:label1\" content=\"Dur\u00e9e de lecture estim\u00e9e\" \/>\n\t<meta name=\"twitter:data1\" content=\"2 minutes\" \/>\n<script type=\"application\/ld+json\" class=\"yoast-schema-graph\">{\"@context\":\"https:\/\/schema.org\",\"@graph\":[{\"@type\":\"WebPage\",\"@id\":\"https:\/\/perouliastonevilla.com\/index.php\/notre-histoire\/\",\"url\":\"https:\/\/perouliastonevilla.com\/index.php\/notre-histoire\/\",\"name\":\"Notre histoire - Peroulia Stone Villa\",\"isPartOf\":{\"@id\":\"https:\/\/perouliastonevilla.com\/#website\"},\"primaryImageOfPage\":{\"@id\":\"https:\/\/perouliastonevilla.com\/index.php\/notre-histoire\/#primaryimage\"},\"image\":{\"@id\":\"https:\/\/perouliastonevilla.com\/index.php\/notre-histoire\/#primaryimage\"},\"thumbnailUrl\":\"http:\/\/perouliastonevilla.com\/wp-content\/uploads\/2023\/02\/VillaPeroulia_Symbolestrait.png\",\"datePublished\":\"2024-07-16T07:01:06+00:00\",\"dateModified\":\"2024-07-16T07:09:12+00:00\",\"description\":\"Notre histoire, Villa Peroulia... Enfin le temps de r\u00e9fl\u00e9chir, et changer de vie.\",\"breadcrumb\":{\"@id\":\"https:\/\/perouliastonevilla.com\/index.php\/notre-histoire\/#breadcrumb\"},\"inLanguage\":\"fr-FR\",\"potentialAction\":[{\"@type\":\"ReadAction\",\"target\":[\"https:\/\/perouliastonevilla.com\/index.php\/notre-histoire\/\"]}]},{\"@type\":\"ImageObject\",\"inLanguage\":\"fr-FR\",\"@id\":\"https:\/\/perouliastonevilla.com\/index.php\/notre-histoire\/#primaryimage\",\"url\":\"http:\/\/perouliastonevilla.com\/wp-content\/uploads\/2023\/02\/VillaPeroulia_Symbolestrait.png\",\"contentUrl\":\"http:\/\/perouliastonevilla.com\/wp-content\/uploads\/2023\/02\/VillaPeroulia_Symbolestrait.png\"},{\"@type\":\"BreadcrumbList\",\"@id\":\"https:\/\/perouliastonevilla.com\/index.php\/notre-histoire\/#breadcrumb\",\"itemListElement\":[{\"@type\":\"ListItem\",\"position\":1,\"name\":\"Accueil\",\"item\":\"https:\/\/perouliastonevilla.com\/\"},{\"@type\":\"ListItem\",\"position\":2,\"name\":\"Notre histoire\"}]},{\"@type\":\"WebSite\",\"@id\":\"https:\/\/perouliastonevilla.com\/#website\",\"url\":\"https:\/\/perouliastonevilla.com\/\",\"name\":\"Peroulia Stone Villa\",\"description\":\"greece, peloponnese\",\"publisher\":{\"@id\":\"https:\/\/perouliastonevilla.com\/#organization\"},\"potentialAction\":[{\"@type\":\"SearchAction\",\"target\":{\"@type\":\"EntryPoint\",\"urlTemplate\":\"https:\/\/perouliastonevilla.com\/?s={search_term_string}\"},\"query-input\":{\"@type\":\"PropertyValueSpecification\",\"valueRequired\":true,\"valueName\":\"search_term_string\"}}],\"inLanguage\":\"fr-FR\"},{\"@type\":\"Organization\",\"@id\":\"https:\/\/perouliastonevilla.com\/#organization\",\"name\":\"Peroulia Stone Villa\",\"url\":\"https:\/\/perouliastonevilla.com\/\",\"logo\":{\"@type\":\"ImageObject\",\"inLanguage\":\"fr-FR\",\"@id\":\"https:\/\/perouliastonevilla.com\/#\/schema\/logo\/image\/\",\"url\":\"https:\/\/perouliastonevilla.com\/wp-content\/uploads\/2023\/01\/LOGO_PEROULIASTONE_VILLA.png\",\"contentUrl\":\"https:\/\/perouliastonevilla.com\/wp-content\/uploads\/2023\/01\/LOGO_PEROULIASTONE_VILLA.png\",\"width\":1024,\"height\":460,\"caption\":\"Peroulia Stone Villa\"},\"image\":{\"@id\":\"https:\/\/perouliastonevilla.com\/#\/schema\/logo\/image\/\"}}]}<\/script>\n<!-- \/ Yoast SEO plugin. -->","yoast_head_json":{"title":"Notre histoire - Peroulia Stone Villa","description":"Notre histoire, Villa Peroulia... Enfin le temps de r\u00e9fl\u00e9chir, et changer de vie.","robots":{"index":"index","follow":"follow","max-snippet":"max-snippet:-1","max-image-preview":"max-image-preview:large","max-video-preview":"max-video-preview:-1"},"canonical":"https:\/\/perouliastonevilla.com\/index.php\/notre-histoire\/","og_locale":"fr_FR","og_type":"article","og_title":"Notre histoire - Peroulia Stone Villa","og_description":"Notre histoire, Villa Peroulia... Enfin le temps de r\u00e9fl\u00e9chir, et changer de vie.","og_url":"https:\/\/perouliastonevilla.com\/index.php\/notre-histoire\/","og_site_name":"Peroulia Stone Villa","article_modified_time":"2024-07-16T07:09:12+00:00","og_image":[{"url":"http:\/\/perouliastonevilla.com\/wp-content\/uploads\/2023\/02\/VillaPeroulia_Symbolestrait.png"}],"twitter_card":"summary_large_image","twitter_misc":{"Dur\u00e9e de lecture estim\u00e9e":"2 minutes"},"schema":{"@context":"https:\/\/schema.org","@graph":[{"@type":"WebPage","@id":"https:\/\/perouliastonevilla.com\/index.php\/notre-histoire\/","url":"https:\/\/perouliastonevilla.com\/index.php\/notre-histoire\/","name":"Notre histoire - Peroulia Stone Villa","isPartOf":{"@id":"https:\/\/perouliastonevilla.com\/#website"},"primaryImageOfPage":{"@id":"https:\/\/perouliastonevilla.com\/index.php\/notre-histoire\/#primaryimage"},"image":{"@id":"https:\/\/perouliastonevilla.com\/index.php\/notre-histoire\/#primaryimage"},"thumbnailUrl":"http:\/\/perouliastonevilla.com\/wp-content\/uploads\/2023\/02\/VillaPeroulia_Symbolestrait.png","datePublished":"2024-07-16T07:01:06+00:00","dateModified":"2024-07-16T07:09:12+00:00","description":"Notre histoire, Villa Peroulia... Enfin le temps de r\u00e9fl\u00e9chir, et changer de vie.","breadcrumb":{"@id":"https:\/\/perouliastonevilla.com\/index.php\/notre-histoire\/#breadcrumb"},"inLanguage":"fr-FR","potentialAction":[{"@type":"ReadAction","target":["https:\/\/perouliastonevilla.com\/index.php\/notre-histoire\/"]}]},{"@type":"ImageObject","inLanguage":"fr-FR","@id":"https:\/\/perouliastonevilla.com\/index.php\/notre-histoire\/#primaryimage","url":"http:\/\/perouliastonevilla.com\/wp-content\/uploads\/2023\/02\/VillaPeroulia_Symbolestrait.png","contentUrl":"http:\/\/perouliastonevilla.com\/wp-content\/uploads\/2023\/02\/VillaPeroulia_Symbolestrait.png"},{"@type":"BreadcrumbList","@id":"https:\/\/perouliastonevilla.com\/index.php\/notre-histoire\/#breadcrumb","itemListElement":[{"@type":"ListItem","position":1,"name":"Accueil","item":"https:\/\/perouliastonevilla.com\/"},{"@type":"ListItem","position":2,"name":"Notre histoire"}]},{"@type":"WebSite","@id":"https:\/\/perouliastonevilla.com\/#website","url":"https:\/\/perouliastonevilla.com\/","name":"Peroulia Stone Villa","description":"greece, peloponnese","publisher":{"@id":"https:\/\/perouliastonevilla.com\/#organization"},"potentialAction":[{"@type":"SearchAction","target":{"@type":"EntryPoint","urlTemplate":"https:\/\/perouliastonevilla.com\/?s={search_term_string}"},"query-input":{"@type":"PropertyValueSpecification","valueRequired":true,"valueName":"search_term_string"}}],"inLanguage":"fr-FR"},{"@type":"Organization","@id":"https:\/\/perouliastonevilla.com\/#organization","name":"Peroulia Stone Villa","url":"https:\/\/perouliastonevilla.com\/","logo":{"@type":"ImageObject","inLanguage":"fr-FR","@id":"https:\/\/perouliastonevilla.com\/#\/schema\/logo\/image\/","url":"https:\/\/perouliastonevilla.com\/wp-content\/uploads\/2023\/01\/LOGO_PEROULIASTONE_VILLA.png","contentUrl":"https:\/\/perouliastonevilla.com\/wp-content\/uploads\/2023\/01\/LOGO_PEROULIASTONE_VILLA.png","width":1024,"height":460,"caption":"Peroulia Stone Villa"},"image":{"@id":"https:\/\/perouliastonevilla.com\/#\/schema\/logo\/image\/"}}]}},"_links":{"self":[{"href":"https:\/\/perouliastonevilla.com\/index.php\/wp-json\/wp\/v2\/pages\/1151","targetHints":{"allow":["GET"]}}],"collection":[{"href":"https:\/\/perouliastonevilla.com\/index.php\/wp-json\/wp\/v2\/pages"}],"about":[{"href":"https:\/\/perouliastonevilla.com\/index.php\/wp-json\/wp\/v2\/types\/page"}],"author":[{"embeddable":true,"href":"https:\/\/perouliastonevilla.com\/index.php\/wp-json\/wp\/v2\/users\/1"}],"replies":[{"embeddable":true,"href":"https:\/\/perouliastonevilla.com\/index.php\/wp-json\/wp\/v2\/comments?post=1151"}],"version-history":[{"count":7,"href":"https:\/\/perouliastonevilla.com\/index.php\/wp-json\/wp\/v2\/pages\/1151\/revisions"}],"predecessor-version":[{"id":1160,"href":"https:\/\/perouliastonevilla.com\/index.php\/wp-json\/wp\/v2\/pages\/1151\/revisions\/1160"}],"wp:attachment":[{"href":"https:\/\/perouliastonevilla.com\/index.php\/wp-json\/wp\/v2\/media?parent=1151"}],"curies":[{"name":"wp","href":"https:\/\/api.w.org\/{rel}","templated":true}]}}